{"id":2373,"date":"2025-11-08T17:57:24","date_gmt":"2025-11-08T15:57:24","guid":{"rendered":"https:\/\/www.mecarlos.com\/?page_id=2373"},"modified":"2025-11-23T13:37:36","modified_gmt":"2025-11-23T11:37:36","slug":"satama-palvelut","status":"publish","type":"page","link":"https:\/\/www.mecarlos.com\/index.php\/satama-palvelut\/","title":{"rendered":"Satamapalvelut"},"content":{"rendered":"<!--themify_builder_content-->\n<div id=\"themify_builder_content-2373\" data-postid=\"2373\" class=\"themify_builder_content themify_builder_content-2373 themify_builder tf_clear\">\n                    <div  data-lazy=\"1\" class=\"module_row themify_builder_row tb_9o34953 tb_first tf_w\">\n                        <div class=\"row_inner col_align_top tb_col_count_1 tf_box tf_rel\">\n                        <div  data-lazy=\"1\" class=\"module_column tb-column col-full tb_g507953 first\">\n                    <!-- module fancy heading -->\n<div  class=\"module module-fancy-heading tb_5vhs891 \" data-lazy=\"1\">\n        <h1 class=\"fancy-heading tf_textc\">\n    <span class=\"main-head tf_block\">\n                    MeCarLoS            <\/span>\n\n    \n    <span class=\"sub-head tf_block tf_rel\">\n                    Satamapalvelut            <\/span>\n    <\/h1>\n<\/div>\n<!-- \/module fancy heading -->\n        <\/div>\n                        <\/div>\n        <\/div>\n                        <div  data-lazy=\"1\" class=\"module_row themify_builder_row tb_c3aw756 tf_w\">\n                        <div class=\"row_inner col_align_top gutter-narrow tb_col_count_2 tf_box tf_rel\">\n                        <div  data-lazy=\"1\" class=\"module_column tb-column col4-2 tb_eiv5757 first\">\n                    <!-- module box -->\n<div  class=\"module module-box tb_0n25831 \" data-lazy=\"1\">\n    <div class=\"module-box-content ui  tb_default_color\">\n                <div class=\"tb_text_wrap\"><p>Yrityksemme tarina l\u00e4htee liikkeelle 2000 luvun taitteesta ja kasvavista syv\u00e4sataman liikennem\u00e4\u00e4rist\u00e4. Yrityksemme tuottaa nosturinkuljettaja palveluita p\u00e4\u00e4asiassa Kokkolan syv\u00e4satamaan, mutta my\u00f6s muihinkin satamanosiin.<\/p><\/div>\n    <\/div>\n<\/div>\n<!-- \/module box -->\n<!-- module image -->\n<div  class=\"module module-image tb_h7ym671 image-top   tf_mw\" data-lazy=\"1\">\n        <div class=\"image-wrap tf_rel tf_mw\">\n            <img loading=\"lazy\" decoding=\"async\" width=\"2560\" height=\"1707\" src=\"https:\/\/www.mecarlos.com\/wp-content\/uploads\/2025\/11\/104593-0100-scaled.jpg\" class=\"wp-post-image wp-image-2399\" title=\"104593 -0100\" alt=\"104593 -0100\" srcset=\"https:\/\/www.mecarlos.com\/wp-content\/uploads\/2025\/11\/104593-0100-scaled.jpg 2560w, https:\/\/www.mecarlos.com\/wp-content\/uploads\/2025\/11\/104593-0100-300x200.jpg 300w, https:\/\/www.mecarlos.com\/wp-content\/uploads\/2025\/11\/104593-0100-1024x683.jpg 1024w, https:\/\/www.mecarlos.com\/wp-content\/uploads\/2025\/11\/104593-0100-768x512.jpg 768w, https:\/\/www.mecarlos.com\/wp-content\/uploads\/2025\/11\/104593-0100-1536x1024.jpg 1536w, https:\/\/www.mecarlos.com\/wp-content\/uploads\/2025\/11\/104593-0100-2048x1365.jpg 2048w\" sizes=\"auto, (max-width: 2560px) 100vw, 2560px\" \/>    \n        <\/div>\n    <!-- \/image-wrap -->\n    \n        <\/div>\n<!-- \/module image -->        <\/div>\n                    <div  data-lazy=\"1\" class=\"module_column tb-column col4-2 tb_5m0l237 last\">\n                    <!-- module image -->\n<div  class=\"module module-image tb_5ca0222 image-center   tf_mw\" data-lazy=\"1\">\n        <div class=\"image-wrap tf_rel tf_mw\">\n            <img loading=\"lazy\" decoding=\"async\" src=\"https:\/\/www.mecarlos.com\/wp-content\/uploads\/2025\/11\/logo_transparent-iso_punainen-1024x560-400x218.png\" width=\"400\" height=\"218\" class=\"wp-post-image wp-image-2383\" title=\"logo_transparent iso_punainen\" alt=\"logo_transparent iso_punainen\" srcset=\"https:\/\/www.mecarlos.com\/wp-content\/uploads\/2025\/11\/logo_transparent-iso_punainen-1024x560-400x218.png 400w, https:\/\/www.mecarlos.com\/wp-content\/uploads\/2025\/11\/logo_transparent-iso_punainen-300x164.png 300w, https:\/\/www.mecarlos.com\/wp-content\/uploads\/2025\/11\/logo_transparent-iso_punainen-1024x560.png 1024w, https:\/\/www.mecarlos.com\/wp-content\/uploads\/2025\/11\/logo_transparent-iso_punainen-768x420.png 768w, https:\/\/www.mecarlos.com\/wp-content\/uploads\/2025\/11\/logo_transparent-iso_punainen-1024x560-500x273.png 500w, https:\/\/www.mecarlos.com\/wp-content\/uploads\/2025\/11\/logo_transparent-iso_punainen.png 1200w\" sizes=\"auto, (max-width: 400px) 100vw, 400px\" \/>    \n        <\/div>\n    <!-- \/image-wrap -->\n    \n        <\/div>\n<!-- \/module image -->        <\/div>\n                        <\/div>\n        <\/div>\n                        <div  data-lazy=\"1\" class=\"module_row themify_builder_row tb_thnr900 tf_w\">\n                        <div class=\"row_inner col_align_top tb_col_count_1 tf_box tf_rel\">\n                        <div  data-lazy=\"1\" class=\"module_column tb-column col-full tb_wlo0900 first\">\n                    <!-- module fancy heading -->\n<div  class=\"module module-fancy-heading tb_40v4900 \" data-lazy=\"1\" id=\"yhteystiedot\">\n        <h1 class=\"fancy-heading\">\n    <span class=\"main-head tf_block\">\n                    Yhteystiedot            <\/span>\n\n    \n    <span class=\"sub-head tf_block tf_rel\">\n                                <\/span>\n    <\/h1>\n<\/div>\n<!-- \/module fancy heading -->\n        <div  data-lazy=\"1\" class=\"module_subrow themify_builder_sub_row tf_w col_align_top tb_col_count_2 tb_kpv2900\">\n                <div  data-lazy=\"1\" class=\"module_column sub_column col4-2 tb_3n37900 first\">\n                    <!-- module box -->\n<div  class=\"module module-box tb_h3nx129 \" data-lazy=\"1\">\n    <div class=\"module-box-content ui  tb_default_color\">\n                <div class=\"tb_text_wrap\"><h5>MeCarLoS p\u00e4ivyst\u00e4j\u00e4\u00a0<\/h5>\n<div>Tomi Kaarlenkaski \/ Tony L\u00e4sp\u00e4<\/div>\n<p><a href=\"tel:+358400290030\">+358 400 290 030<\/a><\/p>\n<div>\u00a0mecarlos(at)kolumbus.fi<\/div>\n<p>\u00a0<\/p><\/div>\n    <\/div>\n<\/div>\n<!-- \/module box -->\n        <\/div>\n                    <div  data-lazy=\"1\" class=\"module_column sub_column col4-2 tb_ibzv900 last\">\n                            <\/div>\n                    <\/div>\n                <\/div>\n                        <\/div>\n        <\/div>\n                        <div  data-lazy=\"1\" class=\"module_row themify_builder_row tb_rtve683 tf_w\">\n                        <div class=\"row_inner col_align_top tb_col_count_1 tf_box tf_rel\">\n                        <div  data-lazy=\"1\" class=\"module_column tb-column col-full tb_w5zu683 first\">\n                    <!-- module fancy heading -->\n<div  class=\"module module-fancy-heading tb_p02q89 \" data-lazy=\"1\">\n        <h1 class=\"fancy-heading\">\n    <span class=\"main-head tf_block\">\n                    Yhteisty\u00f6ss\u00e4            <\/span>\n\n    \n    <span class=\"sub-head tf_block tf_rel\">\n                                <\/span>\n    <\/h1>\n<\/div>\n<!-- \/module fancy heading -->\n        <div  data-lazy=\"1\" class=\"module_subrow themify_builder_sub_row tf_w col_align_top tb_col_count_2 tb_jfyw728\">\n                <div  data-lazy=\"1\" class=\"module_column sub_column col4-2 tb_dnl9729 first\">\n                    <!-- module image -->\n<div  class=\"module module-image tb_trvc230 image-center   tf_mw\" data-lazy=\"1\">\n        <div class=\"image-wrap tf_rel tf_mw\">\n            <a href=\"https:\/\/portofkokkola.fi\/\" rel=\"noopener\" target=\"_blank\">\n                   <img decoding=\"async\" src=\"https:\/\/www.mecarlos.com\/wp-content\/uploads\/2025\/11\/kokkolan_satama-574x200.png\" height=\"200\" class=\"wp-post-image wp-image-2384\" title=\"kokkolan_satama\" alt=\"Kokkolan Satama\" srcset=\"https:\/\/www.mecarlos.com\/wp-content\/uploads\/2025\/11\/kokkolan_satama-574x200.png 574w, https:\/\/www.mecarlos.com\/wp-content\/uploads\/2025\/11\/kokkolan_satama-300x104.png 300w, https:\/\/www.mecarlos.com\/wp-content\/uploads\/2025\/11\/kokkolan_satama.png 652w\" sizes=\"(max-width: 574px) 100vw, 574px\" \/>        <\/a>\n    \n        <\/div>\n    <!-- \/image-wrap -->\n    \n        <\/div>\n<!-- \/module image -->        <\/div>\n                    <div  data-lazy=\"1\" class=\"module_column sub_column col4-2 tb_nkyn729 last\">\n                    <!-- module image -->\n<div  class=\"module module-image tb_xzfe529 image-center   tf_mw\" data-lazy=\"1\">\n        <div class=\"image-wrap tf_rel tf_mw\">\n            <a href=\"https:\/\/www.rauanheimo.com\/\" rel=\"noopener\" target=\"_blank\">\n                   <img decoding=\"async\" src=\"https:\/\/www.mecarlos.com\/wp-content\/uploads\/2025\/11\/rauanheimo-logo-vertical-258x300-1-172x200.png\" height=\"200\" class=\"wp-post-image wp-image-2385\" title=\"rauanheimo-logo-vertical-258x300\" alt=\"Rauanheimo\" srcset=\"https:\/\/www.mecarlos.com\/wp-content\/uploads\/2025\/11\/rauanheimo-logo-vertical-258x300-1-172x200.png 172w, https:\/\/www.mecarlos.com\/wp-content\/uploads\/2025\/11\/rauanheimo-logo-vertical-258x300-1.png 258w\" sizes=\"(max-width: 172px) 100vw, 172px\" \/>        <\/a>\n    \n        <\/div>\n    <!-- \/image-wrap -->\n    \n        <\/div>\n<!-- \/module image -->        <\/div>\n                    <\/div>\n                <\/div>\n                        <\/div>\n        <\/div>\n        <\/div>\n<!--\/themify_builder_content-->","protected":false},"excerpt":{"rendered":"","protected":false},"author":1,"featured_media":0,"parent":0,"menu_order":0,"comment_status":"closed","ping_status":"closed","template":"","meta":{"_monsterinsights_skip_tracking":false,"_monsterinsights_sitenote_active":false,"_monsterinsights_sitenote_note":"","_monsterinsights_sitenote_category":0,"footnotes":""},"class_list":["post-2373","page","type-page","status-publish","hentry","has-post-title","has-post-date","has-post-category","has-post-tag","has-post-comment","has-post-author",""],"aioseo_notices":[],"builder_content":"<h1>MeCarLoS<br\/>Satamapalvelut<\/h1>\n<p>Yrityksemme tarina l\u00e4htee liikkeelle 2000 luvun taitteesta ja kasvavista syv\u00e4sataman liikennem\u00e4\u00e4rist\u00e4. Yrityksemme tuottaa nosturinkuljettaja palveluita p\u00e4\u00e4asiassa Kokkolan syv\u00e4satamaan, mutta my\u00f6s muihinkin satamanosiin.<\/p>\n<img src=\"https:\/\/www.mecarlos.com\/wp-content\/uploads\/2025\/11\/104593-0100-scaled.jpg\" title=\"104593 -0100\" alt=\"104593 -0100\" srcset=\"https:\/\/www.mecarlos.com\/wp-content\/uploads\/2025\/11\/104593-0100-scaled.jpg 2560w, https:\/\/www.mecarlos.com\/wp-content\/uploads\/2025\/11\/104593-0100-300x200.jpg 300w, https:\/\/www.mecarlos.com\/wp-content\/uploads\/2025\/11\/104593-0100-1024x683.jpg 1024w, https:\/\/www.mecarlos.com\/wp-content\/uploads\/2025\/11\/104593-0100-768x512.jpg 768w, https:\/\/www.mecarlos.com\/wp-content\/uploads\/2025\/11\/104593-0100-1536x1024.jpg 1536w, https:\/\/www.mecarlos.com\/wp-content\/uploads\/2025\/11\/104593-0100-2048x1365.jpg 2048w\" sizes=\"(max-width: 2560px) 100vw, 2560px\" \/>\n<img src=\"https:\/\/www.mecarlos.com\/wp-content\/uploads\/2025\/11\/logo_transparent-iso_punainen-1024x560-400x218.png\" width=\"400\" height=\"218\" title=\"logo_transparent iso_punainen\" alt=\"logo_transparent iso_punainen\" srcset=\"https:\/\/www.mecarlos.com\/wp-content\/uploads\/2025\/11\/logo_transparent-iso_punainen-1024x560-400x218.png 400w, https:\/\/www.mecarlos.com\/wp-content\/uploads\/2025\/11\/logo_transparent-iso_punainen-300x164.png 300w, https:\/\/www.mecarlos.com\/wp-content\/uploads\/2025\/11\/logo_transparent-iso_punainen-1024x560.png 1024w, https:\/\/www.mecarlos.com\/wp-content\/uploads\/2025\/11\/logo_transparent-iso_punainen-768x420.png 768w, https:\/\/www.mecarlos.com\/wp-content\/uploads\/2025\/11\/logo_transparent-iso_punainen-1024x560-500x273.png 500w, https:\/\/www.mecarlos.com\/wp-content\/uploads\/2025\/11\/logo_transparent-iso_punainen.png 1200w\" sizes=\"(max-width: 400px) 100vw, 400px\" \/>\n<h1>Yhteystiedot<br\/><\/h1>\n<h5>MeCarLoS p\u00e4ivyst\u00e4j\u00e4\u00a0<\/h5> Tomi Kaarlenkaski \/ Tony L\u00e4sp\u00e4 <p><a href=\"tel:+358400290030\">+358 400 290 030<\/a><\/p> \u00a0mecarlos(at)kolumbus.fi <p>\u00a0<\/p>\n<h1>Yhteisty\u00f6ss\u00e4<br\/><\/h1>\n<a href=\"https:\/\/portofkokkola.fi\/\" rel=\"noopener\" target=\"_blank\"> <img src=\"https:\/\/www.mecarlos.com\/wp-content\/uploads\/2025\/11\/kokkolan_satama-574x200.png\" height=\"200\" title=\"kokkolan_satama\" alt=\"Kokkolan Satama\" srcset=\"https:\/\/www.mecarlos.com\/wp-content\/uploads\/2025\/11\/kokkolan_satama-574x200.png 574w, https:\/\/www.mecarlos.com\/wp-content\/uploads\/2025\/11\/kokkolan_satama-300x104.png 300w, https:\/\/www.mecarlos.com\/wp-content\/uploads\/2025\/11\/kokkolan_satama.png 652w\" sizes=\"(max-width: 574px) 100vw, 574px\" \/> <\/a>\n<a href=\"https:\/\/www.rauanheimo.com\/\" rel=\"noopener\" target=\"_blank\"> <img src=\"https:\/\/www.mecarlos.com\/wp-content\/uploads\/2025\/11\/rauanheimo-logo-vertical-258x300-1-172x200.png\" height=\"200\" title=\"rauanheimo-logo-vertical-258x300\" alt=\"Rauanheimo\" srcset=\"https:\/\/www.mecarlos.com\/wp-content\/uploads\/2025\/11\/rauanheimo-logo-vertical-258x300-1-172x200.png 172w, https:\/\/www.mecarlos.com\/wp-content\/uploads\/2025\/11\/rauanheimo-logo-vertical-258x300-1.png 258w\" sizes=\"(max-width: 172px) 100vw, 172px\" \/> <\/a>","_links":{"self":[{"href":"https:\/\/www.mecarlos.com\/index.php\/wp-json\/wp\/v2\/pages\/2373","targetHints":{"allow":["GET"]}}],"collection":[{"href":"https:\/\/www.mecarlos.com\/index.php\/wp-json\/wp\/v2\/pages"}],"about":[{"href":"https:\/\/www.mecarlos.com\/index.php\/wp-json\/wp\/v2\/types\/page"}],"author":[{"embeddable":true,"href":"https:\/\/www.mecarlos.com\/index.php\/wp-json\/wp\/v2\/users\/1"}],"replies":[{"embeddable":true,"href":"https:\/\/www.mecarlos.com\/index.php\/wp-json\/wp\/v2\/comments?post=2373"}],"version-history":[{"count":38,"href":"https:\/\/www.mecarlos.com\/index.php\/wp-json\/wp\/v2\/pages\/2373\/revisions"}],"predecessor-version":[{"id":2458,"href":"https:\/\/www.mecarlos.com\/index.php\/wp-json\/wp\/v2\/pages\/2373\/revisions\/2458"}],"wp:attachment":[{"href":"https:\/\/www.mecarlos.com\/index.php\/wp-json\/wp\/v2\/media?parent=2373"}],"curies":[{"name":"wp","href":"https:\/\/api.w.org\/{rel}","templated":true}]}}