{"id":187,"date":"2021-02-06T13:32:42","date_gmt":"2021-02-06T13:32:42","guid":{"rendered":"http:\/\/www.mecarlos.com\/index.php\/contact\/"},"modified":"2025-11-08T19:17:44","modified_gmt":"2025-11-08T17:17:44","slug":"yhteystiedot","status":"publish","type":"page","link":"https:\/\/www.mecarlos.com\/index.php\/yhteystiedot\/","title":{"rendered":"Meill\u00e4 palvelu sujuu, odotamme yhteydenottoasi!"},"content":{"rendered":"<!--themify_builder_content-->\n<div id=\"themify_builder_content-187\" data-postid=\"187\" class=\"themify_builder_content themify_builder_content-187 themify_builder tf_clear\">\n                    <div  data-css_id=\"pjqw80\" data-lazy=\"1\" class=\"module_row themify_builder_row fullwidth tb_pjqw80 tb_first tf_w\">\n                        <span class=\"tf_hide row-slider tb_slider tf_abs\" data-bgmode=\"fullcover\" data-sliderspeed=\"2000\">\n                <span class=\"tf_abs row-slider-slides tf_w tf_hidden tf_clearfix\">\n                                <span data-bg=\"https:\/\/www.mecarlos.com\/wp-content\/uploads\/2025\/01\/20241203_151139-scaled.jpg\">\n                        <a href=\"javascript:;\" rel=\"nofollow\" class=\"row-slider-dot\" data-index=\"0\"><span class=\"screen-reader-text\">&bull;<\/span><\/a>\n                    <\/span>\n                                    <span data-bg=\"https:\/\/www.mecarlos.com\/wp-content\/uploads\/2025\/01\/WhatsApp-Image-2022-09-28-at-14.32.32.jpeg\">\n                        <a href=\"javascript:;\" rel=\"nofollow\" class=\"row-slider-dot\" data-index=\"1\"><span class=\"screen-reader-text\">&bull;<\/span><\/a>\n                    <\/span>\n                                    <span data-bg=\"https:\/\/www.mecarlos.com\/wp-content\/uploads\/2025\/01\/39987978_437136960027168_6394753867594072064_n.jpg\">\n                        <a href=\"javascript:;\" rel=\"nofollow\" class=\"row-slider-dot\" data-index=\"2\"><span class=\"screen-reader-text\">&bull;<\/span><\/a>\n                    <\/span>\n                                    <span data-bg=\"https:\/\/www.mecarlos.com\/wp-content\/uploads\/2025\/01\/WhatsApp-Image-2022-09-28-at-13.25.00.jpeg\">\n                        <a href=\"javascript:;\" rel=\"nofollow\" class=\"row-slider-dot\" data-index=\"3\"><span class=\"screen-reader-text\">&bull;<\/span><\/a>\n                    <\/span>\n                                <\/span>\n                <span class=\"row-slider-nav tf_abs_t tf_w\">\n                    <a href=\"javascript:;\" rel=\"nofollow\" class=\"row-slider-arrow row-slider-prev tf_hidden tf_abs_t\"><span class=\"screen-reader-text\">&larr;<\/span><\/a>\n                    <a href=\"javascript:;\" rel=\"nofollow\" class=\"row-slider-arrow row-slider-next tf_hidden tf_abs_t\"><span class=\"screen-reader-text\">&rarr;<\/span><\/a>\n                <\/span>\n            <\/span>\n            <span class=\"tb_row_frame_wrap tf_overflow tf_abs\" data-lazy=\"1\"><span class=\"tb_row_frame tb_row_frame_bottom  tf_abs tf_hide tf_overflow tf_w\"><\/span><\/span>            <div class=\"row_inner col_align_top tb_col_count_2 tf_box tf_rel\">\n                        <div  data-lazy=\"1\" class=\"module_column tb-column col3-2 tb_9zon80 first\">\n                    <!-- module image -->\n<div  class=\"module module-image tb_l8pq175 image-left   tf_mw\" data-lazy=\"1\" data-lax-translate-y=\"(vh*1) 0,(vh*0) -70\" data-lax=\"true\">\n        <div class=\"image-wrap tf_rel tf_mw\">\n            <img loading=\"lazy\" decoding=\"async\" src=\"http:\/\/www.mecarlos.com\/wp-content\/uploads\/2025\/01\/logo_transparent_stroke2.png\" width=\"600\" height=\"706\" title=\"Meill\u00e4 palvelu sujuu, odotamme yhteydenottoasi!\" alt=\"Meill\u00e4 palvelu sujuu, odotamme yhteydenottoasi!\">    \n        <\/div>\n    <!-- \/image-wrap -->\n    \n        <\/div>\n<!-- \/module image --><!-- module text -->\n<div  class=\"module module-text tb_39fw80   \" data-lazy=\"1\">\n        <div  class=\"tb_text_wrap\">\n        <h1 style=\"text-align: left;\">Yhteystiedot<\/h1>    <\/div>\n<\/div>\n<!-- \/module text -->        <\/div>\n                    <div  data-lazy=\"1\" class=\"module_column tb-column col3-1 tb_ha7881 last\">\n                            <\/div>\n                        <\/div>\n        <\/div>\n                        <div  data-css_id=\"pt5a172\" data-lazy=\"1\" class=\"module_row themify_builder_row fullwidth tb_pt5a172 tf_w\">\n            <span class=\"tb_row_frame_wrap tf_overflow tf_abs\" data-lazy=\"1\"><span class=\"tb_row_frame tb_row_frame_top in_front tf_abs tf_hide tf_overflow tf_w\"><\/span><\/span>            <div class=\"row_inner col_align_top tb_col_count_1 tf_box tf_rel\">\n                        <div  data-lazy=\"1\" class=\"module_column tb-column tb_7lf0857 first\">\n                            <\/div>\n                        <\/div>\n        <\/div>\n                        <div  data-css_id=\"0xtq925\" data-lazy=\"1\" class=\"module_row themify_builder_row fullwidth tb_0xtq925 tf_w\">\n            <span  class=\"builder_row_cover tf_abs\" data-lazy=\"1\"><\/span><span class=\"tb_row_frame_wrap tf_overflow tf_abs\" data-lazy=\"1\"><span class=\"tb_row_frame tb_row_frame_top  tf_abs tf_hide tf_overflow tf_w\"><\/span><\/span>            <div class=\"row_inner col_align_middle gutter-none tb_col_count_2 tf_box tf_rel\">\n                        <div  data-lazy=\"1\" class=\"module_column tb-column col4-2 tb_mdey926 first\">\n                            <div  data-lazy=\"1\" class=\"module_subrow themify_builder_sub_row tf_w col_align_top tb_col_count_1 tb_pqv432\">\n        <span class=\"tb_row_frame_wrap tf_overflow tf_abs\" data-lazy=\"1\"><span class=\"tb_row_frame tb_row_frame_top  tf_abs tf_hide tf_overflow tf_w\"><\/span><\/span>        <div  data-lazy=\"1\" class=\"module_column sub_column col-full tb_b02q32 first\">\n                    <!-- module text -->\n<div  class=\"module module-text tb_ywpy998   \" data-lazy=\"1\">\n        <div  class=\"tb_text_wrap\">\n        <h2>Nosto- ja kuljetuspalvelu p\u00e4ivystys<\/h2>\n<h3>0400 15 16 25 \/ Tomi J\u00e4nk\u00e4<\/h3>    <\/div>\n<\/div>\n<!-- \/module text --><!-- module text -->\n<div  class=\"module module-text tb_xein287   \" data-lazy=\"1\">\n        <div  class=\"tb_text_wrap\">\n        <h3>mecarlos@kolumbus.fi<\/h3>\n<div>\u00a0<\/div>    <\/div>\n<\/div>\n<!-- \/module text --><!-- module buttons -->\n<div  class=\"module module-buttons tb_rkje757 buttons-horizontal solid  large circle\" data-lazy=\"1\">\n        <div class=\"module-buttons-item tf_in_flx\">\n                        <a href=\"tel:+358400151625\" class=\"ui builder_button tf_in_flx tb_default_color\" >\n                                    <em><svg  class=\"tf_fa tf-la-phone-solid\" aria-hidden=\"true\"><use href=\"#tf-la-phone-solid\"><\/use><\/svg><\/em>                                        Soita                                        <\/a>\n                <\/div>\n            <\/div>\n<!-- \/module buttons -->\n<!-- module buttons -->\n<div  class=\"module module-buttons tb_latf826 buttons-horizontal solid  large circle\" data-lazy=\"1\">\n        <div class=\"module-buttons-item tf_in_flx\">\n                        <a href=\"mailto:mecarlos@kolumbus.fi\" class=\"ui builder_button tf_in_flx tb_default_color\" >\n                                    <em><svg  class=\"tf_fa tf-ti-email\" aria-hidden=\"true\"><use href=\"#tf-ti-email\"><\/use><\/svg><\/em>                                        S\u00e4hk\u00f6posti                                        <\/a>\n                <\/div>\n            <\/div>\n<!-- \/module buttons -->\n<!-- module fancy heading -->\n<div  class=\"module module-fancy-heading tb_eqm7776 \" data-lazy=\"1\">\n        <h1 class=\"fancy-heading\">\n    <span class=\"main-head tf_block\">\n                    Verkkolaskutus            <\/span>\n\n    \n    <span class=\"sub-head tf_block tf_rel\">\n                                <\/span>\n    <\/h1>\n<\/div>\n<!-- \/module fancy heading -->\n<!-- module text -->\n<div  class=\"module module-text tb_rv7w776   \" data-lazy=\"1\">\n        <div  class=\"tb_text_wrap\">\n        <div class=\"page-content entry-content\">\n<p><strong>ARVOISA TOIMITTAJAMME,<\/strong><br>Vastaanotamme jatkossa ostolaskumme s\u00e4hk\u00f6isess\u00e4 muodossa, verkkolaskuina.<\/p>\n<p><strong>UUDET LASKUTUSOSOITTEEMME (p\u00e4ivitetty 9.5.2022)<\/strong><br>Pyyd\u00e4mme Teit\u00e4 yst\u00e4v\u00e4llisesti p\u00e4ivitt\u00e4m\u00e4\u00e4n seuraavat laskutusosoitteet<br>laskutusj\u00e4rjestelmiinne:<\/p>\n<p>VERKKOLASKUJEN OSALTA:<br><strong>Operaattori \/ Verkkolaskuosoite \/ OVT-tunnus<\/strong><br>Apix Messaging Oy (003723327487) \/ 003716051793 \/ 003716051793<\/p>\n<p><em>Huomioittehan, ett\u00e4 mik\u00e4li k\u00e4yt\u00f6ss\u00e4nne on jokin seuraavista operaattoreista verkkolaskun l\u00e4hett\u00e4miseen: Danske Bank Oyj, Handelsbanken, Paikallisosuuspankit tai S\u00e4\u00e4st\u00f6pankit, tulee teid\u00e4n k\u00e4ytt\u00e4\u00e4 Apixin verkkolaskuosoitteenamme seuraavaa osoitetta: verkkolaskuosoite:\u00a0<strong>003723327487<\/strong>\u00a0ja operaattoritunnus:\u00a0<strong>DABAFIHH<\/strong>.<\/em><\/p>\n<p><strong>Mik\u00e4li ette voi l\u00e4hett\u00e4\u00e4 verkkolaskuja, pyyd\u00e4mme l\u00e4hett\u00e4m\u00e4\u00e4n laskut ostolaskujen skannauspalveluun.<\/strong><\/p>\n<p>S\u00e4hk\u00f6postiskannauksen osoite:<br><a href=\"mailto:003716051793@procountor.apix.fi\">003716051793@procountor.apix.fi<\/a><\/p>\n<p><em>L\u00e4hetett\u00e4v\u00e4 lasku tulee olla s\u00e4hk\u00f6postin liitteen\u00e4 PDF-tiedostona ja yhdell\u00e4 s\u00e4hk\u00f6postilla ja sen liitteiss\u00e4 saa olla vain yksi lasku. Jos s\u00e4hk\u00f6posti sis\u00e4lt\u00e4\u00e4 muita liitetiedostoja, lis\u00e4t\u00e4\u00e4n ne laskun liitteiksi. Liitetiedostojen maksimikoko on 2 mb. L\u00e4hetyksen j\u00e4lkeen palvelusta tulee joko hyv\u00e4ksynt\u00e4- tai hylk\u00e4ysilmoitus s\u00e4hk\u00f6postilla l\u00e4hetysosoitteeseen 15 minuutin kuluessa l\u00e4hetyksest\u00e4.<\/em><\/p>\n<p><strong>Paperilaskujen skannauksen osoite:<\/strong><br>Oy MeCarLoS Ab (Apix Skannauspalvelu)<br>PL 16112<br>00021 LASKUTUS<\/p>\n<p><em>Jotta skannauspalvelu voi kohdistaa laskunne, tulee t\u00e4m\u00e4 laskutusosoite tulostaa my\u00f6s itse laskuun, eik\u00e4 pelk\u00e4st\u00e4\u00e4n kirjekuoreen. T\u00e4h\u00e4n laskutusosoitteeseen ei tule l\u00e4hett\u00e4\u00e4 muuta materiaalia kuin laskuja, eli esimerkiksi tiedotusten ja markkinointimateriaalin postiosoite pysyy ennallaan.<\/em><\/p>\n<p><strong>Oy MeCarLos Ab<\/strong><\/p>\n<\/div>    <\/div>\n<\/div>\n<!-- \/module text --><!-- module buttons -->\n<div  class=\"module module-buttons tb_pwox776 buttons-horizontal solid  large circle\" data-lazy=\"1\">\n        <div class=\"module-buttons-item tf_in_flx\">\n                        <a href=\"https:\/\/themify.me\/\" class=\"ui builder_button tf_in_flx tb_default_color\" >\n                                    <em><svg  class=\"tf_fa tf-fas-file-invoice\" aria-hidden=\"true\"><use href=\"#tf-fas-file-invoice\"><\/use><\/svg><\/em>                                        Verkkolaskutus pdf                                        <\/a>\n                <\/div>\n            <\/div>\n<!-- \/module buttons -->\n        <\/div>\n                    <\/div>\n                <\/div>\n                    <div  data-lazy=\"1\" class=\"module_column tb-column col4-2 tb_g6us887 last\">\n        <span  class=\"builder_row_cover tf_abs\" data-lazy=\"1\"><\/span>                    <\/div>\n                        <\/div>\n        <\/div>\n        <\/div>\n<!--\/themify_builder_content-->","protected":false},"excerpt":{"rendered":"<p>Yhteystiedot<\/p>\n","protected":false},"author":1,"featured_media":0,"parent":0,"menu_order":0,"comment_status":"closed","ping_status":"closed","template":"","meta":{"_monsterinsights_skip_tracking":false,"_monsterinsights_sitenote_active":false,"_monsterinsights_sitenote_note":"","_monsterinsights_sitenote_category":0,"footnotes":""},"class_list":["post-187","page","type-page","status-publish","hentry","has-post-title","has-post-date","has-post-category","has-post-tag","has-post-comment","has-post-author",""],"aioseo_notices":[],"builder_content":"<img src=\"http:\/\/www.mecarlos.com\/wp-content\/uploads\/2025\/01\/logo_transparent_stroke2.png\" width=\"600\" height=\"706\" title=\"Meill\u00e4 palvelu sujuu, odotamme yhteydenottoasi!\" alt=\"Meill\u00e4 palvelu sujuu, odotamme yhteydenottoasi!\">\n<h1 style=\"text-align: left;\">Yhteystiedot<\/h1>\n<h2>Nosto- ja kuljetuspalvelu p\u00e4ivystys<\/h2> <h3>0400 15 16 25 \/ Tomi J\u00e4nk\u00e4<\/h3>\n<h3>mecarlos@kolumbus.fi<\/h3> \u00a0\n<a href=\"tel:+358400151625\" > <em><svg aria-hidden=\"true\"><use href=\"#tf-la-phone-solid\"><\/use><\/svg><\/em> Soita <\/a>\n<a href=\"mailto:mecarlos@kolumbus.fi\" > <em><svg aria-hidden=\"true\"><use href=\"#tf-ti-email\"><\/use><\/svg><\/em> S\u00e4hk\u00f6posti <\/a>\n<h1>Verkkolaskutus<br\/><\/h1>\n<p><strong>ARVOISA TOIMITTAJAMME,<\/strong><br>Vastaanotamme jatkossa ostolaskumme s\u00e4hk\u00f6isess\u00e4 muodossa, verkkolaskuina.<\/p> <p><strong>UUDET LASKUTUSOSOITTEEMME (p\u00e4ivitetty 9.5.2022)<\/strong><br>Pyyd\u00e4mme Teit\u00e4 yst\u00e4v\u00e4llisesti p\u00e4ivitt\u00e4m\u00e4\u00e4n seuraavat laskutusosoitteet<br>laskutusj\u00e4rjestelmiinne:<\/p> <p>VERKKOLASKUJEN OSALTA:<br><strong>Operaattori \/ Verkkolaskuosoite \/ OVT-tunnus<\/strong><br>Apix Messaging Oy (003723327487) \/ 003716051793 \/ 003716051793<\/p> <p><em>Huomioittehan, ett\u00e4 mik\u00e4li k\u00e4yt\u00f6ss\u00e4nne on jokin seuraavista operaattoreista verkkolaskun l\u00e4hett\u00e4miseen: Danske Bank Oyj, Handelsbanken, Paikallisosuuspankit tai S\u00e4\u00e4st\u00f6pankit, tulee teid\u00e4n k\u00e4ytt\u00e4\u00e4 Apixin verkkolaskuosoitteenamme seuraavaa osoitetta: verkkolaskuosoite:\u00a0<strong>003723327487<\/strong>\u00a0ja operaattoritunnus:\u00a0<strong>DABAFIHH<\/strong>.<\/em><\/p> <p><strong>Mik\u00e4li ette voi l\u00e4hett\u00e4\u00e4 verkkolaskuja, pyyd\u00e4mme l\u00e4hett\u00e4m\u00e4\u00e4n laskut ostolaskujen skannauspalveluun.<\/strong><\/p> <p>S\u00e4hk\u00f6postiskannauksen osoite:<br><a href=\"mailto:003716051793@procountor.apix.fi\">003716051793@procountor.apix.fi<\/a><\/p> <p><em>L\u00e4hetett\u00e4v\u00e4 lasku tulee olla s\u00e4hk\u00f6postin liitteen\u00e4 PDF-tiedostona ja yhdell\u00e4 s\u00e4hk\u00f6postilla ja sen liitteiss\u00e4 saa olla vain yksi lasku. Jos s\u00e4hk\u00f6posti sis\u00e4lt\u00e4\u00e4 muita liitetiedostoja, lis\u00e4t\u00e4\u00e4n ne laskun liitteiksi. Liitetiedostojen maksimikoko on 2 mb. L\u00e4hetyksen j\u00e4lkeen palvelusta tulee joko hyv\u00e4ksynt\u00e4- tai hylk\u00e4ysilmoitus s\u00e4hk\u00f6postilla l\u00e4hetysosoitteeseen 15 minuutin kuluessa l\u00e4hetyksest\u00e4.<\/em><\/p> <p><strong>Paperilaskujen skannauksen osoite:<\/strong><br>Oy MeCarLoS Ab (Apix Skannauspalvelu)<br>PL 16112<br>00021 LASKUTUS<\/p> <p><em>Jotta skannauspalvelu voi kohdistaa laskunne, tulee t\u00e4m\u00e4 laskutusosoite tulostaa my\u00f6s itse laskuun, eik\u00e4 pelk\u00e4st\u00e4\u00e4n kirjekuoreen. T\u00e4h\u00e4n laskutusosoitteeseen ei tule l\u00e4hett\u00e4\u00e4 muuta materiaalia kuin laskuja, eli esimerkiksi tiedotusten ja markkinointimateriaalin postiosoite pysyy ennallaan.<\/em><\/p> <p><strong>Oy MeCarLos Ab<\/strong><\/p>\n<a href=\"https:\/\/themify.me\/\" > <em><svg aria-hidden=\"true\"><use href=\"#tf-fas-file-invoice\"><\/use><\/svg><\/em> Verkkolaskutus pdf <\/a>","_links":{"self":[{"href":"https:\/\/www.mecarlos.com\/index.php\/wp-json\/wp\/v2\/pages\/187","targetHints":{"allow":["GET"]}}],"collection":[{"href":"https:\/\/www.mecarlos.com\/index.php\/wp-json\/wp\/v2\/pages"}],"about":[{"href":"https:\/\/www.mecarlos.com\/index.php\/wp-json\/wp\/v2\/types\/page"}],"author":[{"embeddable":true,"href":"https:\/\/www.mecarlos.com\/index.php\/wp-json\/wp\/v2\/users\/1"}],"replies":[{"embeddable":true,"href":"https:\/\/www.mecarlos.com\/index.php\/wp-json\/wp\/v2\/comments?post=187"}],"version-history":[{"count":113,"href":"https:\/\/www.mecarlos.com\/index.php\/wp-json\/wp\/v2\/pages\/187\/revisions"}],"predecessor-version":[{"id":2430,"href":"https:\/\/www.mecarlos.com\/index.php\/wp-json\/wp\/v2\/pages\/187\/revisions\/2430"}],"wp:attachment":[{"href":"https:\/\/www.mecarlos.com\/index.php\/wp-json\/wp\/v2\/media?parent=187"}],"curies":[{"name":"wp","href":"https:\/\/api.w.org\/{rel}","templated":true}]}}